{"id":416,"date":"2017-03-21T14:26:44","date_gmt":"2017-03-21T14:26:44","guid":{"rendered":"https:\/\/www.decotazas.com\/fr\/?page_id=416"},"modified":"2022-03-07T22:18:07","modified_gmt":"2022-03-07T22:18:07","slug":"demande-devis","status":"publish","type":"page","link":"https:\/\/www.decotazas.com\/fr\/demande-devis\/","title":{"rendered":"Demande de devis"},"content":{"rendered":"<div class=\"wpcf7 no-js\" id=\"wpcf7-f1044-o1\" lang=\"fr-FR\" dir=\"ltr\" data-wpcf7-id=\"1044\">\n<div class=\"screen-reader-response\">\n<p role=\"status\" aria-live=\"polite\" aria-atomic=\"true\">\n<ul><\/ul>\n<\/div>\n<form action=\"\/fr\/wp-json\/wp\/v2\/pages\/416#wpcf7-f1044-o1\" method=\"post\" class=\"wpcf7-form init\" aria-label=\"Formulaire de contact\" novalidate=\"novalidate\" data-status=\"init\">\n<div style=\"display: none;\">\n<input type=\"hidden\" name=\"_wpcf7\" value=\"1044\" \/><br \/>\n<input type=\"hidden\" name=\"_wpcf7_version\" value=\"6.0.6\" \/><br \/>\n<input type=\"hidden\" name=\"_wpcf7_locale\" value=\"fr_FR\" \/><br \/>\n<input type=\"hidden\" name=\"_wpcf7_unit_tag\" value=\"wpcf7-f1044-o1\" \/><br \/>\n<input type=\"hidden\" name=\"_wpcf7_container_post\" value=\"0\" \/><br \/>\n<input type=\"hidden\" name=\"_wpcf7_posted_data_hash\" value=\"\" \/>\n<\/div>\n<div class=\"cf-container\">\n<div class=\"cf-col-6\">\n<p><span class=\"wpcf7-form-control-wrap\" data-name=\"your-name\"><input size=\"40\" maxlength=\"400\" class=\"wpcf7-form-control wpcf7-text wpcf7-validates-as-required\" aria-required=\"true\" aria-invalid=\"false\" placeholder=\"Entreprise\" value=\"\" type=\"text\" name=\"your-name\" \/><\/span>\n\t\t<\/p>\n<\/p><\/div>\n<div class=\"cf-col-6\">\n<p><span class=\"wpcf7-form-control-wrap\" data-name=\"your-email\"><input size=\"40\" maxlength=\"400\" class=\"wpcf7-form-control wpcf7-email wpcf7-validates-as-required wpcf7-text wpcf7-validates-as-email\" aria-required=\"true\" aria-invalid=\"false\" placeholder=\"Email\" value=\"\" type=\"email\" name=\"your-email\" \/><\/span><span id=\"wpcf7-69eb6a359c772-wrapper\" class=\"wpcf7-form-control-wrap website-wrap\" style=\"display:none !important; visibility:hidden !important;\"><label for=\"wpcf7-69eb6a359c772-field\" class=\"hp-message\">Veuillez laisser ce champ vide.<\/label><input id=\"wpcf7-69eb6a359c772-field\"  class=\"wpcf7-form-control wpcf7-text\" type=\"text\" name=\"website\" value=\"\" size=\"40\" tabindex=\"-1\" autocomplete=\"new-password\" \/><\/span>\n\t\t<\/p>\n<\/p><\/div>\n<div class=\"cf-col-6\">\n<p><span class=\"wpcf7-form-control-wrap\" data-name=\"telefono\"><input size=\"40\" maxlength=\"400\" class=\"wpcf7-form-control wpcf7-text wpcf7-validates-as-required\" aria-required=\"true\" aria-invalid=\"false\" placeholder=\"T\u00e9l\u00e9phone\" value=\"\" type=\"text\" name=\"telefono\" \/><\/span>\n\t\t<\/p>\n<\/p><\/div>\n<div class=\"cf-col-6\">\n<p><span class=\"wpcf7-form-control-wrap\" data-name=\"referencia\"><input size=\"40\" maxlength=\"400\" class=\"wpcf7-form-control wpcf7-text wpcf7-validates-as-required\" aria-required=\"true\" aria-invalid=\"false\" placeholder=\"R\u00e9f\u00e9rence\" value=\"\" type=\"text\" name=\"referencia\" \/><\/span>\n\t\t<\/p>\n<\/p><\/div>\n<div class=\"cf-col-6\">\n<p><span class=\"wpcf7-form-control-wrap\" data-name=\"cantidad\"><input size=\"40\" maxlength=\"400\" class=\"wpcf7-form-control wpcf7-text wpcf7-validates-as-required\" aria-required=\"true\" aria-invalid=\"false\" placeholder=\"Quantit\u00e9\" value=\"\" type=\"text\" name=\"cantidad\" \/><\/span>\n\t\t<\/p>\n<\/p><\/div>\n<div class=\"cf-col-6\">\n<p><span class=\"wpcf7-form-control-wrap\" data-name=\"cantidad\"><input size=\"40\" maxlength=\"400\" class=\"wpcf7-form-control wpcf7-text wpcf7-validates-as-required\" aria-required=\"true\" aria-invalid=\"false\" placeholder=\"Personnalisation du nombre de couleurs\" value=\"\" type=\"text\" name=\"cantidad\" \/><\/span>\n\t\t<\/p>\n<\/p><\/div>\n<div class=\"cf-col-12\">\n<p><span class=\"wpcf7-form-control-wrap\" data-name=\"observaciones\"><textarea cols=\"40\" rows=\"10\" maxlength=\"2000\" class=\"wpcf7-form-control wpcf7-textarea wpcf7-validates-as-required\" aria-required=\"true\" aria-invalid=\"false\" placeholder=\"Observations\" name=\"observaciones\"><\/textarea><\/span>\n\t\t<\/p>\n<\/p><\/div>\n<div class=\"cf-col-12\">\n<p><span class=\"wpcf7-form-control-wrap\" data-name=\"acceptance-419\"><span class=\"wpcf7-form-control wpcf7-acceptance\"><span class=\"wpcf7-list-item\"><label><input type=\"checkbox\" name=\"acceptance-419\" value=\"1\" aria-invalid=\"false\" \/><span class=\"wpcf7-list-item-label\">J'ai lu et j'accepte les conditions l\u00e9gales et la politique de confidentialit\u00e9<\/span><\/label><\/span><\/span><\/span>\n\t\t<\/p>\n<\/p><\/div>\n<div class=\"cf-col-12\">\n<p><input class=\"wpcf7-form-control wpcf7-submit has-spinner\" type=\"submit\" value=\"Envoyer\" \/>\n\t\t<\/p>\n<\/p><\/div>\n<div class=\"cf-col-12\">\n<p style=\"font-size:11px; background:#efefef;padding: 10px !important;line-height: 16px;text-align: left;\">\nArt Damilia, S.L. dont le si\u00e8ge est \u00e0 IP Font del Radium, C\/ Severo Ochoa, 62 08403 Granollers (Barcelone) et CIF B64580111 pour son site www.decotazas.com s'engage \u00e0 respecter son obligation de confidentialit\u00e9 des donn\u00e9es personnelles et son devoir de les traiter avec confidentialit\u00e9, et assume, pour ces fins, les mesures techniques, organisationnelles et de s\u00e9curit\u00e9 n\u00e9cessaires pour emp\u00eacher leur perte, leur traitement ou leur acc\u00e8s non autoris\u00e9, conform\u00e9ment aux dispositions de la r\u00e9glementation en vigueur sur la protection des donn\u00e9es personnelles et des autres l\u00e9gislations applicables.\n\t\t<\/p>\n<\/p><\/div>\n<\/div>\n<p style=\"display: none !important;\" class=\"akismet-fields-container\" data-prefix=\"_wpcf7_ak_\"><label>&#916;<textarea name=\"_wpcf7_ak_hp_textarea\" cols=\"45\" rows=\"8\" maxlength=\"100\"><\/textarea><\/label><input type=\"hidden\" id=\"ak_js_1\" name=\"_wpcf7_ak_js\" value=\"202\"\/><script>document.getElementById( \"ak_js_1\" ).setAttribute( \"value\", ( new Date() ).getTime() );<\/script><\/p>\n<div class=\"wpcf7-response-output\" aria-hidden=\"true\"><\/div>\n<\/form>\n<\/div>\n","protected":false},"excerpt":{"rendered":"","protected":false},"author":1,"featured_media":0,"parent":0,"menu_order":0,"comment_status":"closed","ping_status":"closed","template":"template-parts\/template-single_page.php","meta":{"_monsterinsights_skip_tracking":false,"_monsterinsights_sitenote_active":false,"_monsterinsights_sitenote_note":"","_monsterinsights_sitenote_category":0,"footnotes":""},"class_list":["post-416","page","type-page","status-publish","hentry"],"_links":{"self":[{"href":"https:\/\/www.decotazas.com\/fr\/wp-json\/wp\/v2\/pages\/416","targetHints":{"allow":["GET"]}}],"collection":[{"href":"https:\/\/www.decotazas.com\/fr\/wp-json\/wp\/v2\/pages"}],"about":[{"href":"https:\/\/www.decotazas.com\/fr\/wp-json\/wp\/v2\/types\/page"}],"author":[{"embeddable":true,"href":"https:\/\/www.decotazas.com\/fr\/wp-json\/wp\/v2\/users\/1"}],"replies":[{"embeddable":true,"href":"https:\/\/www.decotazas.com\/fr\/wp-json\/wp\/v2\/comments?post=416"}],"version-history":[{"count":15,"href":"https:\/\/www.decotazas.com\/fr\/wp-json\/wp\/v2\/pages\/416\/revisions"}],"predecessor-version":[{"id":1045,"href":"https:\/\/www.decotazas.com\/fr\/wp-json\/wp\/v2\/pages\/416\/revisions\/1045"}],"wp:attachment":[{"href":"https:\/\/www.decotazas.com\/fr\/wp-json\/wp\/v2\/media?parent=416"}],"curies":[{"name":"wp","href":"https:\/\/api.w.org\/{rel}","templated":true}]}}