{"id":418,"date":"2017-03-21T14:29:20","date_gmt":"2017-03-21T14:29:20","guid":{"rendered":"https:\/\/www.decotazas.com\/fr\/?page_id=418"},"modified":"2018-01-31T20:14:17","modified_gmt":"2018-01-31T20:14:17","slug":"techniques-marquage-mugs","status":"publish","type":"page","link":"https:\/\/www.decotazas.com\/fr\/techniques-marquage-mugs\/","title":{"rendered":"Techniques de marquage"},"content":{"rendered":"<h2>DECALCOMANIES VITRIFIABLES<\/h2>\n<p>La meilleure technique pour d\u00e9corer la porcelaine, la c\u00e9ramique ou le verre consiste \u00e0 utiliser des decalcomanies vitrifiables. Leur capacit\u00e9 \u00e0 cr\u00e9er des lignes pr\u00e9cises et fines dans diff\u00e9rents designs, une finition attrayante et une durabilit\u00e9 en font la technique pr\u00e9f\u00e9r\u00e9e pour les clients qui veulent des produits de qualit\u00e9.<\/p>\n<p>Les designs sont imprim\u00e9s par s\u00e9rigraphie pour \u00eatre transf\u00e9r\u00e9 sur la pi\u00e8ce avec du papier transfert. Quand la pi\u00e8ce est s\u00e8che, elle est cuite dans un four industriel \u00e0 800 \u00baC pour la porcelaine ou la c\u00e9ramique et \u00e0 600 \u00baC pour le verre.<\/p>\n<p><img loading=\"lazy\" decoding=\"async\" class=\"alignleft size-full wp-image-892\" src=\"https:\/\/www.decotazas.com\/fr\/wp-content\/uploads\/2018\/01\/Decalcomanies-vitrifiables-mugs.jpg\" alt=\"Decoration tasses mug avec decalcomanie vitrifiable\" width=\"2480\" height=\"2140\" srcset=\"https:\/\/www.decotazas.com\/fr\/wp-content\/uploads\/2018\/01\/Decalcomanies-vitrifiables-mugs.jpg 2480w, https:\/\/www.decotazas.com\/fr\/wp-content\/uploads\/2018\/01\/Decalcomanies-vitrifiables-mugs-300x259.jpg 300w, https:\/\/www.decotazas.com\/fr\/wp-content\/uploads\/2018\/01\/Decalcomanies-vitrifiables-mugs-768x663.jpg 768w, https:\/\/www.decotazas.com\/fr\/wp-content\/uploads\/2018\/01\/Decalcomanies-vitrifiables-mugs-1024x884.jpg 1024w\" sizes=\"auto, (max-width: 2480px) 100vw, 2480px\" \/><\/p>\n<p>&nbsp;<\/p>\n<p>Les d\u00e9calcomanies vitrifi\u00e9es sur la porcelaine ou la c\u00e9ramique <strong>sont tr\u00e8s durables<\/strong>. Par cons\u00e9quent, elles conviennent pour les fours \u00e0 micro-onde et les lave-vaisselles. Sur les produits en verre, il est recommand\u00e9 de les laver \u00e0 la main car l&rsquo;utilisation du lave-vaisselle sur le verre entra\u00eenera une perte de couleur.<\/p>\n<h3>COULEURS<\/h3>\n<p>Chaque couleur est imprim\u00e9e avec son propre film et son propre \u00e9cran. De cette fa\u00e7on, nous sommes en mesure d&rsquo;obtenir des couleurs uniformes et tr\u00e8s vives.<\/p>\n<p>Dans le processus de fabrication de les decalcomanies vitrifiables, nous utilisons des encres sp\u00e9cifiques qui vitrifient lorsqu&rsquo;elles sont cuites dans un four \u00e0 haute temp\u00e9rature. Du fait des caract\u00e9ristiques particuli\u00e8res de cette m\u00e9thode, il n&rsquo;y a pas de couleurs Pantone dans l&rsquo;industrie de la c\u00e9ramique. C&rsquo;est parce qu&rsquo;au cours de la cuisson, il peut y avoir de petites variations de ton dans les couleurs finales. Nous nous rapprochons le plus possible des couleurs Pantone demand\u00e9es par le client. En outre, nous pouvons fournir des \u00e9chantillons de couleurs sur demande avant la r\u00e9alisation de la commande.<\/p>\n<p><img loading=\"lazy\" decoding=\"async\" class=\"alignleft size-full wp-image-893\" src=\"https:\/\/www.decotazas.com\/fr\/wp-content\/uploads\/2018\/01\/Marquage-mugs.jpg\" alt=\"Marquage mugs avec decalcomanie vitrifiable\" width=\"1929\" height=\"475\" srcset=\"https:\/\/www.decotazas.com\/fr\/wp-content\/uploads\/2018\/01\/Marquage-mugs.jpg 1929w, https:\/\/www.decotazas.com\/fr\/wp-content\/uploads\/2018\/01\/Marquage-mugs-300x74.jpg 300w, https:\/\/www.decotazas.com\/fr\/wp-content\/uploads\/2018\/01\/Marquage-mugs-768x189.jpg 768w, https:\/\/www.decotazas.com\/fr\/wp-content\/uploads\/2018\/01\/Marquage-mugs-1024x252.jpg 1024w\" sizes=\"auto, (max-width: 1929px) 100vw, 1929px\" \/><\/p>\n<p>&nbsp;<\/p>\n<h3><\/h3>\n<h3>SURFACES \u00c0 D\u00c9CORER<\/h3>\n<p>Les d\u00e9calcomanies vitrifi\u00e9es permettent de d\u00e9corer pratiquement n&rsquo;importe quelle partie de la pi\u00e8ce. Dans le cas des mugs, en plus du p\u00e9rim\u00e8tre ext\u00e9rieur du mug, nous pouvons \u00e9galement d\u00e9corer la poign\u00e9e, la base, le fond et l&rsquo;int\u00e9rieur.<\/p>\n<h2>SUBLIMATION<\/h2>\n<p>La sublimation est une technique de d\u00e9coration id\u00e9ale lorsque le design de la tasse est une image num\u00e9rique, une photographie ou un dessin avec une large palette de couleurs. En appliquant de la chaleur, une image imprim\u00e9e en offset est transf\u00e9r\u00e9e sur la pi\u00e8ce.<\/p>\n<p>Les pi\u00e8ces d\u00e9cor\u00e9es par sublimation conviennent pour les fours \u00e0 micro-onde, mais il est recommand\u00e9 de les laver \u00e0 la main. L&rsquo;utilisation d&rsquo;un lave-vaisselle peut faire entra\u00eener peu \u00e0 peu une perte de couleur \u00e0 la d\u00e9coration.<\/p>\n<h3>COULEURS<\/h3>\n<p>Avec la sublimation, il n&rsquo;y a pas de limite de couleur. C&rsquo;est \u00e9galement une technique id\u00e9ale pour les productions en petite s\u00e9rie.<\/p>\n<p><img loading=\"lazy\" decoding=\"async\" class=\"alignleft size-full wp-image-894\" src=\"https:\/\/www.decotazas.com\/fr\/wp-content\/uploads\/2018\/01\/tasses-mug-sublimation.jpg\" alt=\"Tasses mug marquage sublimation\" width=\"1929\" height=\"637\" srcset=\"https:\/\/www.decotazas.com\/fr\/wp-content\/uploads\/2018\/01\/tasses-mug-sublimation.jpg 1929w, https:\/\/www.decotazas.com\/fr\/wp-content\/uploads\/2018\/01\/tasses-mug-sublimation-300x99.jpg 300w, https:\/\/www.decotazas.com\/fr\/wp-content\/uploads\/2018\/01\/tasses-mug-sublimation-768x254.jpg 768w, https:\/\/www.decotazas.com\/fr\/wp-content\/uploads\/2018\/01\/tasses-mug-sublimation-1024x338.jpg 1024w\" sizes=\"auto, (max-width: 1929px) 100vw, 1929px\" \/><\/p>\n<p>&nbsp;<\/p>\n<h3>SURFACES \u00c0 D\u00c9CORER<\/h3>\n<p>Nous pouvons d\u00e9corer tout le p\u00e9rim\u00e8tre du mug \u00e0 l&rsquo;exception de la poign\u00e9e. Toutefois, cette technique de marquage ne permet pas la d\u00e9coration sur la base ou \u00e0 l&rsquo;int\u00e9rieur du mug.<\/p>\n","protected":false},"excerpt":{"rendered":"<p>DECALCOMANIES VITRIFIABLES La meilleure technique pour d\u00e9corer la porcelaine, la c\u00e9ramique ou le verre consiste \u00e0 utiliser des decalcomanies vitrifiables. Leur capacit\u00e9 \u00e0 cr\u00e9er des lignes pr\u00e9cises et fines dans diff\u00e9rents designs, une finition attrayante et une durabilit\u00e9 en font la technique pr\u00e9f\u00e9r\u00e9e pour les clients qui veulent des produits de qualit\u00e9. Les designs sont [&hellip;]<\/p>\n","protected":false},"author":1,"featured_media":0,"parent":0,"menu_order":0,"comment_status":"closed","ping_status":"closed","template":"template-parts\/template-single_page.php","meta":{"_monsterinsights_skip_tracking":false,"_monsterinsights_sitenote_active":false,"_monsterinsights_sitenote_note":"","_monsterinsights_sitenote_category":0,"footnotes":""},"class_list":["post-418","page","type-page","status-publish","hentry"],"_links":{"self":[{"href":"https:\/\/www.decotazas.com\/fr\/wp-json\/wp\/v2\/pages\/418","targetHints":{"allow":["GET"]}}],"collection":[{"href":"https:\/\/www.decotazas.com\/fr\/wp-json\/wp\/v2\/pages"}],"about":[{"href":"https:\/\/www.decotazas.com\/fr\/wp-json\/wp\/v2\/types\/page"}],"author":[{"embeddable":true,"href":"https:\/\/www.decotazas.com\/fr\/wp-json\/wp\/v2\/users\/1"}],"replies":[{"embeddable":true,"href":"https:\/\/www.decotazas.com\/fr\/wp-json\/wp\/v2\/comments?post=418"}],"version-history":[{"count":36,"href":"https:\/\/www.decotazas.com\/fr\/wp-json\/wp\/v2\/pages\/418\/revisions"}],"predecessor-version":[{"id":895,"href":"https:\/\/www.decotazas.com\/fr\/wp-json\/wp\/v2\/pages\/418\/revisions\/895"}],"wp:attachment":[{"href":"https:\/\/www.decotazas.com\/fr\/wp-json\/wp\/v2\/media?parent=418"}],"curies":[{"name":"wp","href":"https:\/\/api.w.org\/{rel}","templated":true}]}}