{"id":422,"date":"2017-03-21T14:30:48","date_gmt":"2017-03-21T14:30:48","guid":{"rendered":"https:\/\/www.decotazas.com\/fr\/?page_id=422"},"modified":"2018-02-04T12:55:25","modified_gmt":"2018-02-04T12:55:25","slug":"creation-produit","status":"publish","type":"page","link":"https:\/\/www.decotazas.com\/fr\/creation-produit\/","title":{"rendered":"Cr\u00e9ation de produit"},"content":{"rendered":"<p><img loading=\"lazy\" decoding=\"async\" class=\"alignleft size-full wp-image-900\" src=\"https:\/\/www.decotazas.com\/fr\/wp-content\/uploads\/2018\/02\/Ceramique-personnalise.jpg\" alt=\"Fabrication de pi\u00e8ces en ceramique personnalis\u00e9es\" width=\"1929\" height=\"1284\" srcset=\"https:\/\/www.decotazas.com\/fr\/wp-content\/uploads\/2018\/02\/Ceramique-personnalise.jpg 1929w, https:\/\/www.decotazas.com\/fr\/wp-content\/uploads\/2018\/02\/Ceramique-personnalise-300x200.jpg 300w, https:\/\/www.decotazas.com\/fr\/wp-content\/uploads\/2018\/02\/Ceramique-personnalise-768x511.jpg 768w, https:\/\/www.decotazas.com\/fr\/wp-content\/uploads\/2018\/02\/Ceramique-personnalise-1024x682.jpg 1024w\" sizes=\"auto, (max-width: 1929px) 100vw, 1929px\" \/><\/p>\n<div class=\"entry-content portfolio\">\n<p>&nbsp;<\/p>\n<p>En plus de la gamme d&rsquo;articles que vous pouvez choisir dans notre catalogue, vous pouvez \u00e9galement demander un devis pour la fabrication de pi\u00e8ces personnalis\u00e9es. La c\u00e9ramique et les produits en c\u00e9ramique personnalis\u00e9s offrent de nombreuses possibilit\u00e9s pour donner vie \u00e0 vos cr\u00e9ations. Le produit sera cr\u00e9\u00e9 par des professionnels et avec des mat\u00e9riaux de qualit\u00e9 pour un r\u00e9sultat excellent.<\/p>\n<p><strong>Les pichets, les articles pour l&rsquo;\u00e9criture, les bols ou tous les ustensiles de cuisine<\/strong> sont quelques exemples des produits que nous pouvons fabriquer sur mesure. Ceux-ci peuvent \u00eatre personnalis\u00e9s avec une d\u00e9calcomanie vitrifi\u00e9e, une technique de d\u00e9coration qui devient permanente une fois cuite au four, ce qui en fait la m\u00e9thode adapt\u00e9e pour les micro-ondes et les lave-vaisselles.<\/p>\n<p>Nous pouvons produire des c\u00e9ramiques et de la porcelaine personnalis\u00e9es pour des commandes sup\u00e9rieures \u00e0 1000 unit\u00e9s. En plus de l&rsquo;article lui-m\u00eame, nous pouvons \u00e9galement prendre en charge la production de l&#8217;emballage et personnaliser les bo\u00eetes afin que vous puissiez recevoir le produit enti\u00e8rement fini.<\/p>\n<h3>Pourquoi cr\u00e9er des produits personnalis\u00e9s?<\/h3>\n<p>Ceux-ci seront fabriqu\u00e9s et personnalis\u00e9s exclusivement pour vous, de sorte qu&rsquo;ils seront parfaitement adapt\u00e9s \u00e0 vos besoins. Que ce soit comme cadeau promotionnel ou pour la commercialisation d&rsquo;un produit, la fabrication sur mesure est une option qui ouvre de nombreuses possibilit\u00e9s pour le design de votre produit. Pour plus d&rsquo;informations, <a href=\"https:\/\/www.decotazas.com\/fr\/tessa-contact\/\">contactez-nous.<\/a>Nous serons heureux de vous aider.<\/p>\n<\/div>\n","protected":false},"excerpt":{"rendered":"<p>&nbsp; En plus de la gamme d&rsquo;articles que vous pouvez choisir dans notre catalogue, vous pouvez \u00e9galement demander un devis pour la fabrication de pi\u00e8ces personnalis\u00e9es. La c\u00e9ramique et les produits en c\u00e9ramique personnalis\u00e9s offrent de nombreuses possibilit\u00e9s pour donner vie \u00e0 vos cr\u00e9ations. Le produit sera cr\u00e9\u00e9 par des professionnels et avec des mat\u00e9riaux [&hellip;]<\/p>\n","protected":false},"author":1,"featured_media":0,"parent":0,"menu_order":0,"comment_status":"closed","ping_status":"closed","template":"template-parts\/template-single_page.php","meta":{"_monsterinsights_skip_tracking":false,"_monsterinsights_sitenote_active":false,"_monsterinsights_sitenote_note":"","_monsterinsights_sitenote_category":0,"footnotes":""},"class_list":["post-422","page","type-page","status-publish","hentry"],"_links":{"self":[{"href":"https:\/\/www.decotazas.com\/fr\/wp-json\/wp\/v2\/pages\/422","targetHints":{"allow":["GET"]}}],"collection":[{"href":"https:\/\/www.decotazas.com\/fr\/wp-json\/wp\/v2\/pages"}],"about":[{"href":"https:\/\/www.decotazas.com\/fr\/wp-json\/wp\/v2\/types\/page"}],"author":[{"embeddable":true,"href":"https:\/\/www.decotazas.com\/fr\/wp-json\/wp\/v2\/users\/1"}],"replies":[{"embeddable":true,"href":"https:\/\/www.decotazas.com\/fr\/wp-json\/wp\/v2\/comments?post=422"}],"version-history":[{"count":17,"href":"https:\/\/www.decotazas.com\/fr\/wp-json\/wp\/v2\/pages\/422\/revisions"}],"predecessor-version":[{"id":901,"href":"https:\/\/www.decotazas.com\/fr\/wp-json\/wp\/v2\/pages\/422\/revisions\/901"}],"wp:attachment":[{"href":"https:\/\/www.decotazas.com\/fr\/wp-json\/wp\/v2\/media?parent=422"}],"curies":[{"name":"wp","href":"https:\/\/api.w.org\/{rel}","templated":true}]}}