{"id":435,"date":"2017-03-21T14:43:28","date_gmt":"2017-03-21T14:43:28","guid":{"rendered":"https:\/\/www.decotazas.com\/fr\/?page_id=435"},"modified":"2018-02-04T13:12:35","modified_gmt":"2018-02-04T13:12:35","slug":"qui-sommes-nous","status":"publish","type":"page","link":"https:\/\/www.decotazas.com\/fr\/qui-sommes-nous\/","title":{"rendered":"Qui sommes-nous?"},"content":{"rendered":"<p><img loading=\"lazy\" decoding=\"async\" class=\"alignleft size-full wp-image-906\" src=\"https:\/\/www.decotazas.com\/fr\/wp-content\/uploads\/2018\/02\/mugs-personnalises-avec-decalcomanie.jpg\" alt=\"Decoration de mug avec decalcomanie vitrifiable\" width=\"1929\" height=\"1291\" srcset=\"https:\/\/www.decotazas.com\/fr\/wp-content\/uploads\/2018\/02\/mugs-personnalises-avec-decalcomanie.jpg 1929w, https:\/\/www.decotazas.com\/fr\/wp-content\/uploads\/2018\/02\/mugs-personnalises-avec-decalcomanie-300x201.jpg 300w, https:\/\/www.decotazas.com\/fr\/wp-content\/uploads\/2018\/02\/mugs-personnalises-avec-decalcomanie-768x514.jpg 768w, https:\/\/www.decotazas.com\/fr\/wp-content\/uploads\/2018\/02\/mugs-personnalises-avec-decalcomanie-1024x685.jpg 1024w\" sizes=\"auto, (max-width: 1929px) 100vw, 1929px\" \/><\/p>\n<div class=\"entry-content portfolio\">\n<p>&nbsp;<\/p>\n<p>Decotazas a \u00e9t\u00e9 fond\u00e9e en 2007 avec l&rsquo;ambition de concevoir nos propres produits en porcelaine et en c\u00e9ramique. Au fil du temps, nous avons d\u00e9cid\u00e9 d&rsquo;\u00e9largir notre offre et nous avons commenc\u00e9 \u00e0 offrir nos services de personnalisation pour <strong>les campagnes de merchandising et de marketing.<\/strong><\/p>\n<p>Notre \u00e9quipe se sp\u00e9cialise dans la d\u00e9coration de porcelaine, de c\u00e9ramique et de verre et nous avons des contr\u00f4les de qualit\u00e9 rigoureux qui suivent le produit depuis la conception, pendant sa fabrication et jusqu&rsquo;au r\u00e9sultat final. La satisfaction de nos clients est vitale pour nous, donc la qualit\u00e9 et la finition des designs sont le r\u00e9sultat de notre travail soign\u00e9.<\/p>\n<p>Nous mettons constamment \u00e0 jour notre catalogue et nous offrons de nouveaux designs et produits pour vous procurer un meilleur service. Nous utilisons les meilleures techniques de marquage dans chaque situation afin de personnaliser nos produits.<\/p>\n<p>Si vous avez besoin de conseils, n&rsquo;h\u00e9sitez pas \u00e0 <a href=\"https:\/\/www.decotazas.com\/fr\/tessa-contact\/\">nous contacter<\/a>.<\/p>\n<\/div>\n","protected":false},"excerpt":{"rendered":"<p>&nbsp; Decotazas a \u00e9t\u00e9 fond\u00e9e en 2007 avec l&rsquo;ambition de concevoir nos propres produits en porcelaine et en c\u00e9ramique. Au fil du temps, nous avons d\u00e9cid\u00e9 d&rsquo;\u00e9largir notre offre et nous avons commenc\u00e9 \u00e0 offrir nos services de personnalisation pour les campagnes de merchandising et de marketing. Notre \u00e9quipe se sp\u00e9cialise dans la d\u00e9coration de [&hellip;]<\/p>\n","protected":false},"author":1,"featured_media":0,"parent":0,"menu_order":0,"comment_status":"closed","ping_status":"closed","template":"template-parts\/template-single_page.php","meta":{"_monsterinsights_skip_tracking":false,"_monsterinsights_sitenote_active":false,"_monsterinsights_sitenote_note":"","_monsterinsights_sitenote_category":0,"footnotes":""},"class_list":["post-435","page","type-page","status-publish","hentry"],"_links":{"self":[{"href":"https:\/\/www.decotazas.com\/fr\/wp-json\/wp\/v2\/pages\/435","targetHints":{"allow":["GET"]}}],"collection":[{"href":"https:\/\/www.decotazas.com\/fr\/wp-json\/wp\/v2\/pages"}],"about":[{"href":"https:\/\/www.decotazas.com\/fr\/wp-json\/wp\/v2\/types\/page"}],"author":[{"embeddable":true,"href":"https:\/\/www.decotazas.com\/fr\/wp-json\/wp\/v2\/users\/1"}],"replies":[{"embeddable":true,"href":"https:\/\/www.decotazas.com\/fr\/wp-json\/wp\/v2\/comments?post=435"}],"version-history":[{"count":13,"href":"https:\/\/www.decotazas.com\/fr\/wp-json\/wp\/v2\/pages\/435\/revisions"}],"predecessor-version":[{"id":907,"href":"https:\/\/www.decotazas.com\/fr\/wp-json\/wp\/v2\/pages\/435\/revisions\/907"}],"wp:attachment":[{"href":"https:\/\/www.decotazas.com\/fr\/wp-json\/wp\/v2\/media?parent=435"}],"curies":[{"name":"wp","href":"https:\/\/api.w.org\/{rel}","templated":true}]}}