{"id":437,"date":"2017-03-21T14:44:29","date_gmt":"2017-03-21T14:44:29","guid":{"rendered":"https:\/\/www.decotazas.com\/fr\/?page_id=437"},"modified":"2018-02-04T13:26:23","modified_gmt":"2018-02-04T13:26:23","slug":"ateliers","status":"publish","type":"page","link":"https:\/\/www.decotazas.com\/fr\/ateliers\/","title":{"rendered":"Ateliers"},"content":{"rendered":"<div class=\"entry-content portfolio\">\n<p><img loading=\"lazy\" decoding=\"async\" class=\"alignleft size-full wp-image-910\" src=\"https:\/\/www.decotazas.com\/fr\/wp-content\/uploads\/2018\/02\/four-continu-mugs-personnalises.jpg\" alt=\"Four en continu avec mugs personnalis\u00e9s\" width=\"1929\" height=\"1288\" srcset=\"https:\/\/www.decotazas.com\/fr\/wp-content\/uploads\/2018\/02\/four-continu-mugs-personnalises.jpg 1929w, https:\/\/www.decotazas.com\/fr\/wp-content\/uploads\/2018\/02\/four-continu-mugs-personnalises-300x200.jpg 300w, https:\/\/www.decotazas.com\/fr\/wp-content\/uploads\/2018\/02\/four-continu-mugs-personnalises-768x513.jpg 768w, https:\/\/www.decotazas.com\/fr\/wp-content\/uploads\/2018\/02\/four-continu-mugs-personnalises-1024x684.jpg 1024w\" sizes=\"auto, (max-width: 1929px) 100vw, 1929px\" \/><\/p>\n<p>&nbsp;<\/p>\n<p>Nous disposons d&rsquo;un four en continu ainsi que deux fours \u00e0 moufle. Cet \u00e9quipement nous permet de proposer des articles d\u00e9cor\u00e9s par des d\u00e9calcomanies vitrifi\u00e9es avec une excellente finition.<\/p>\n<p>Nous poss\u00e9dons des machines sp\u00e9cialis\u00e9es que nous utilisons pour la d\u00e9coration par sublimation. Nos 10 ateliers de sublimation nous permettent de livrer de grandes quantit\u00e9s dans des d\u00e9lais tr\u00e8s courts.<\/p>\n<p>\u00c9galement nous disposons d&rsquo;une machine de s\u00e9rigraphie qui permet de d\u00e9corer \u00e0 la fois des pi\u00e8ces cylindriques et d&rsquo;effectuer des s\u00e9rigraphies sur des surfaces planes.<\/p>\n<p>Notre \u00e9quipe est sp\u00e9cialis\u00e9e dans la d\u00e9coration de la porcelaine, de la c\u00e9ramique et du verre. Si vous avez des questions, contactez-nous et nous r\u00e9pondrons \u00e0 toutes vos questions concernant la production.<\/p>\n<p><strong>Vous pouvez nous trouver ici:<\/strong><\/p>\n<p>ART DAMILIA, S.L.<br \/>\nPol. Ind. Font del Radium<br \/>\nC\/ Severo Ochoa, 62<br \/>\n08403 Granollers<br \/>\nBarcelona<br \/>\nTel. 93 861 84 89<br \/>\nFax 93 849 18 49<br \/>\ndecotazas@www.decotazas.com<\/p>\n<\/div>\n","protected":false},"excerpt":{"rendered":"<p>&nbsp; Nous disposons d&rsquo;un four en continu ainsi que deux fours \u00e0 moufle. Cet \u00e9quipement nous permet de proposer des articles d\u00e9cor\u00e9s par des d\u00e9calcomanies vitrifi\u00e9es avec une excellente finition. Nous poss\u00e9dons des machines sp\u00e9cialis\u00e9es que nous utilisons pour la d\u00e9coration par sublimation. Nos 10 ateliers de sublimation nous permettent de livrer de grandes quantit\u00e9s [&hellip;]<\/p>\n","protected":false},"author":1,"featured_media":0,"parent":0,"menu_order":0,"comment_status":"closed","ping_status":"closed","template":"template-parts\/template-single_page.php","meta":{"_monsterinsights_skip_tracking":false,"_monsterinsights_sitenote_active":false,"_monsterinsights_sitenote_note":"","_monsterinsights_sitenote_category":0,"footnotes":""},"class_list":["post-437","page","type-page","status-publish","hentry"],"_links":{"self":[{"href":"https:\/\/www.decotazas.com\/fr\/wp-json\/wp\/v2\/pages\/437","targetHints":{"allow":["GET"]}}],"collection":[{"href":"https:\/\/www.decotazas.com\/fr\/wp-json\/wp\/v2\/pages"}],"about":[{"href":"https:\/\/www.decotazas.com\/fr\/wp-json\/wp\/v2\/types\/page"}],"author":[{"embeddable":true,"href":"https:\/\/www.decotazas.com\/fr\/wp-json\/wp\/v2\/users\/1"}],"replies":[{"embeddable":true,"href":"https:\/\/www.decotazas.com\/fr\/wp-json\/wp\/v2\/comments?post=437"}],"version-history":[{"count":13,"href":"https:\/\/www.decotazas.com\/fr\/wp-json\/wp\/v2\/pages\/437\/revisions"}],"predecessor-version":[{"id":911,"href":"https:\/\/www.decotazas.com\/fr\/wp-json\/wp\/v2\/pages\/437\/revisions\/911"}],"wp:attachment":[{"href":"https:\/\/www.decotazas.com\/fr\/wp-json\/wp\/v2\/media?parent=437"}],"curies":[{"name":"wp","href":"https:\/\/api.w.org\/{rel}","templated":true}]}}