{"id":439,"date":"2017-03-21T14:45:50","date_gmt":"2017-03-21T14:45:50","guid":{"rendered":"https:\/\/www.decotazas.com\/fr\/?page_id=439"},"modified":"2018-02-04T13:39:29","modified_gmt":"2018-02-04T13:39:29","slug":"production-livraison","status":"publish","type":"page","link":"https:\/\/www.decotazas.com\/fr\/production-livraison\/","title":{"rendered":"Production et livraison"},"content":{"rendered":"<div class=\"entry-content portfolio\">\n<p><img loading=\"lazy\" decoding=\"async\" class=\"alignleft size-full wp-image-913\" src=\"https:\/\/www.decotazas.com\/fr\/wp-content\/uploads\/2018\/02\/production-tasses-personnalisees.jpg\" alt=\"Tasses mugs personnalises pr\u00eat \u00e0 aller au four\" width=\"1929\" height=\"1286\" srcset=\"https:\/\/www.decotazas.com\/fr\/wp-content\/uploads\/2018\/02\/production-tasses-personnalisees.jpg 1929w, https:\/\/www.decotazas.com\/fr\/wp-content\/uploads\/2018\/02\/production-tasses-personnalisees-300x200.jpg 300w, https:\/\/www.decotazas.com\/fr\/wp-content\/uploads\/2018\/02\/production-tasses-personnalisees-768x512.jpg 768w, https:\/\/www.decotazas.com\/fr\/wp-content\/uploads\/2018\/02\/production-tasses-personnalisees-1024x683.jpg 1024w\" sizes=\"auto, (max-width: 1929px) 100vw, 1929px\" \/><\/p>\n<p>&nbsp;<\/p>\n<p>Au fil des ann\u00e9es, nous avons \u00e9largi les services que nous offrons et nous disposons aujourd&rsquo;hui d&rsquo;une capacit\u00e9 de production de plus de 100 000 pi\u00e8ces par mois. Tout cela gr\u00e2ce \u00e0 une \u00e9quipe de professionnels au sein de notre entreprise et \u00e0 nos clients qui, comme vous, nous font confiance.<\/p>\n<p>L&rsquo;exp\u00e9rience nous a permis de nous am\u00e9liorer. Nous sommes donc capables de faire face \u00e0 tout probl\u00e8me inattendu qui pourrait survenir. Ainsi, peu importe les circonstances, nous livrons les produits \u00e0 la date convenue. La satisfaction du client est tr\u00e8s importante pour nous et nous savons que les produits arrivant avec un peu de retard peuvent entra\u00eener une perte. Au fil des ann\u00e9es, nous avons appris \u00e0 r\u00e9soudre tous les probl\u00e8mes de mani\u00e8re professionnelle et \u00e0 toujours respecter nos d\u00e9lais.<\/p>\n<p><img loading=\"lazy\" decoding=\"async\" class=\"alignleft size-full wp-image-914\" src=\"https:\/\/www.decotazas.com\/fr\/wp-content\/uploads\/2018\/02\/Four-continu-avec-tasses-personnalisees.jpg\" alt=\"Four en continu avec des tasses mug personnalis\u00e9es\" width=\"1929\" height=\"1286\" srcset=\"https:\/\/www.decotazas.com\/fr\/wp-content\/uploads\/2018\/02\/Four-continu-avec-tasses-personnalisees.jpg 1929w, https:\/\/www.decotazas.com\/fr\/wp-content\/uploads\/2018\/02\/Four-continu-avec-tasses-personnalisees-300x200.jpg 300w, https:\/\/www.decotazas.com\/fr\/wp-content\/uploads\/2018\/02\/Four-continu-avec-tasses-personnalisees-768x512.jpg 768w, https:\/\/www.decotazas.com\/fr\/wp-content\/uploads\/2018\/02\/Four-continu-avec-tasses-personnalisees-1024x683.jpg 1024w\" sizes=\"auto, (max-width: 1929px) 100vw, 1929px\" \/><\/p>\n<p>&nbsp;<\/p>\n<h3>Vous \u00eates pris par le temps et vous avez besoin d&rsquo;une production de derni\u00e8re minute ?<\/h3>\n<p>Nous pouvons vous aider. Nous pouvons r\u00e9aliser des productions de derni\u00e8re minute avec le m\u00eame niveau de qualit\u00e9 que toute autre commande, avec les m\u00eames mat\u00e9riaux et les m\u00eames techniques. La qualit\u00e9 de nos produits et la satisfaction de nos clients font partie de notre philosophie d&rsquo;entreprise et n&rsquo;interf\u00e8rent pas avec le d\u00e9lai de livraison.<\/p>\n<p>En bref, nous sommes une \u00e9quipe flexible, nous avons la capacit\u00e9 de nous adapter \u00e0 tout changement et nous pouvons relever n&rsquo;importe quel d\u00e9fi de la mani\u00e8re la plus efficace possible. Si vous avez des questions, n&rsquo;h\u00e9sitez pas \u00e0 <a href=\"https:\/\/www.decotazas.com\/fr\/tessa-contact\/\">nous contacter<\/a>. Nous serons heureux de pouvoir vous aider<\/p>\n<\/div>\n","protected":false},"excerpt":{"rendered":"<p>&nbsp; Au fil des ann\u00e9es, nous avons \u00e9largi les services que nous offrons et nous disposons aujourd&rsquo;hui d&rsquo;une capacit\u00e9 de production de plus de 100 000 pi\u00e8ces par mois. Tout cela gr\u00e2ce \u00e0 une \u00e9quipe de professionnels au sein de notre entreprise et \u00e0 nos clients qui, comme vous, nous font confiance. L&rsquo;exp\u00e9rience nous a [&hellip;]<\/p>\n","protected":false},"author":1,"featured_media":0,"parent":0,"menu_order":0,"comment_status":"closed","ping_status":"closed","template":"template-parts\/template-single_page.php","meta":{"_monsterinsights_skip_tracking":false,"_monsterinsights_sitenote_active":false,"_monsterinsights_sitenote_note":"","_monsterinsights_sitenote_category":0,"footnotes":""},"class_list":["post-439","page","type-page","status-publish","hentry"],"_links":{"self":[{"href":"https:\/\/www.decotazas.com\/fr\/wp-json\/wp\/v2\/pages\/439","targetHints":{"allow":["GET"]}}],"collection":[{"href":"https:\/\/www.decotazas.com\/fr\/wp-json\/wp\/v2\/pages"}],"about":[{"href":"https:\/\/www.decotazas.com\/fr\/wp-json\/wp\/v2\/types\/page"}],"author":[{"embeddable":true,"href":"https:\/\/www.decotazas.com\/fr\/wp-json\/wp\/v2\/users\/1"}],"replies":[{"embeddable":true,"href":"https:\/\/www.decotazas.com\/fr\/wp-json\/wp\/v2\/comments?post=439"}],"version-history":[{"count":15,"href":"https:\/\/www.decotazas.com\/fr\/wp-json\/wp\/v2\/pages\/439\/revisions"}],"predecessor-version":[{"id":915,"href":"https:\/\/www.decotazas.com\/fr\/wp-json\/wp\/v2\/pages\/439\/revisions\/915"}],"wp:attachment":[{"href":"https:\/\/www.decotazas.com\/fr\/wp-json\/wp\/v2\/media?parent=439"}],"curies":[{"name":"wp","href":"https:\/\/api.w.org\/{rel}","templated":true}]}}