{"id":570,"date":"2017-05-11T18:52:45","date_gmt":"2017-05-11T18:52:45","guid":{"rendered":"https:\/\/www.decotazas.com\/fr\/?page_id=570"},"modified":"2018-01-31T19:45:40","modified_gmt":"2018-01-31T19:45:40","slug":"mugs-personnalises","status":"publish","type":"page","link":"https:\/\/www.decotazas.com\/fr\/mugs-personnalises\/","title":{"rendered":"Mugs personnalis\u00e9s"},"content":{"rendered":"<p><img loading=\"lazy\" decoding=\"async\" class=\"alignleft size-full wp-image-886\" src=\"https:\/\/www.decotazas.com\/fr\/wp-content\/uploads\/2018\/01\/Mugs-personnalises.jpg\" alt=\"Mugs personnalis\u00e9s avec d\u00e9calcomanie vitrifiable\" width=\"1929\" height=\"1286\" srcset=\"https:\/\/www.decotazas.com\/fr\/wp-content\/uploads\/2018\/01\/Mugs-personnalises.jpg 1929w, https:\/\/www.decotazas.com\/fr\/wp-content\/uploads\/2018\/01\/Mugs-personnalises-300x200.jpg 300w, https:\/\/www.decotazas.com\/fr\/wp-content\/uploads\/2018\/01\/Mugs-personnalises-768x512.jpg 768w, https:\/\/www.decotazas.com\/fr\/wp-content\/uploads\/2018\/01\/Mugs-personnalises-1024x683.jpg 1024w\" sizes=\"auto, (max-width: 1929px) 100vw, 1929px\" \/><\/p>\n<div class=\"entry-content portfolio\">\n<p>&nbsp;<\/p>\n<p>Chez Decotazas, nous nous sp\u00e9cialisons dans la d\u00e9coration de la porcelaine, de la c\u00e9ramique et du verre. Nous fournissons des articles de haute qualit\u00e9 avec une excellente finition. Nos mugs sont nos produits phares. Ce sont des produits tr\u00e8s utiles pour tout public. Faites passer votre message avec nos tasses personnalis\u00e9es !<\/p>\n<p>L&rsquo;un des nombreux services que nous offrons est la possibilit\u00e9 de personnaliser une large gamme de mugs, les <strong>mugs basiques<\/strong> \u00e9tant les produits les plus vendus dans notre catalogue. Toute conception est facilement adaptable \u00e0 ce mod\u00e8le, et les mugs r\u00e9pondent \u00e0 la demande du public.<\/p>\n<h3>Pourquoi un mug personnalis\u00e9 serait-il n\u00e9cessaire ou utile ?<\/h3>\n<p>Les <strong>mugs personnalis\u00e9s<\/strong> peuvent \u00eatre une excellente option de <em>merchandising<\/em> car, \u00e0 un moment donn\u00e9, le message que vous envoyez sera vu par le destinataire et les personnes qui l&rsquo;entourent. Qu&rsquo;il soit utilis\u00e9 pour le caf\u00e9 au lait, le th\u00e9 ou le chocolat chaud &#8230; le logo, le slogan ou le message de votre entreprise sera visible. Un mug peut \u00eatre utile aussi bien \u00e0 la maison qu&rsquo;au bureau. Par cons\u00e9quent, la marque de votre entreprise sera pr\u00e9sente dans les environnements familiaux et de travail. L&rsquo;utilisation des mugs pourrait \u00e9galement r\u00e9duire consid\u00e9rablement l&rsquo;utilisation de gobelets en plastique dans les bureaux. Ils sont un moyen agr\u00e9able et \u00e9conomique pour aider l&rsquo;environnement et notre plan\u00e8te.<\/p>\n<p><img loading=\"lazy\" decoding=\"async\" class=\"alignleft size-full wp-image-887\" src=\"https:\/\/www.decotazas.com\/fr\/wp-content\/uploads\/2018\/01\/Tasses-mug-avec-logo.jpg\" alt=\"Tasses mug avec logo decoration d\u00e9calcomanie vitrifiable\" width=\"1929\" height=\"1286\" srcset=\"https:\/\/www.decotazas.com\/fr\/wp-content\/uploads\/2018\/01\/Tasses-mug-avec-logo.jpg 1929w, https:\/\/www.decotazas.com\/fr\/wp-content\/uploads\/2018\/01\/Tasses-mug-avec-logo-300x200.jpg 300w, https:\/\/www.decotazas.com\/fr\/wp-content\/uploads\/2018\/01\/Tasses-mug-avec-logo-768x512.jpg 768w, https:\/\/www.decotazas.com\/fr\/wp-content\/uploads\/2018\/01\/Tasses-mug-avec-logo-1024x683.jpg 1024w\" sizes=\"auto, (max-width: 1929px) 100vw, 1929px\" \/><\/p>\n<p>Les mugs personnalis\u00e9s peuvent \u00eatre utilis\u00e9s pour promouvoir la fid\u00e9lit\u00e9 des clients, comme un cadeau d&rsquo;entreprise pour les employ\u00e9s, comme une campagne de lancement pour un produit ou comme un produit commercial pour les fans de votre marque. Il n&rsquo;y a pas d&rsquo;industrie sp\u00e9cifique ou de march\u00e9 cible pour ce type de cadeau, ce qui en fait une id\u00e9e cadeau encore plus id\u00e9ale.<\/p>\n<p>Vous n&rsquo;avez pas n\u00e9cessairement besoin d&rsquo;\u00eatre une entreprise ni d&rsquo;avoir des objectifs commerciaux pour offrir un mug personnalis\u00e9. Un mariage, un anniversaire ou une c\u00e9l\u00e9bration peuvent \u00eatre une bonne occasion pour offrir \u00e0 vos proches des mugs avec un joli message ou un design personnalis\u00e9. Nos <strong>mugs \u00e9v\u00e8nementiels<\/strong> raviront vos invit\u00e9s.<\/p>\n<p style=\"text-align: center;\">T\u00e9l\u00e9charger notre <a href=\"https:\/\/www.decotazas.com\/fr\/tessa-custom\/\" target=\"_blank\" rel=\"noopener noreferrer\">Catalogue de mug<\/a><\/p>\n<\/div>\n","protected":false},"excerpt":{"rendered":"<p>&nbsp; Chez Decotazas, nous nous sp\u00e9cialisons dans la d\u00e9coration de la porcelaine, de la c\u00e9ramique et du verre. Nous fournissons des articles de haute qualit\u00e9 avec une excellente finition. Nos mugs sont nos produits phares. Ce sont des produits tr\u00e8s utiles pour tout public. Faites passer votre message avec nos tasses personnalis\u00e9es ! L&rsquo;un des [&hellip;]<\/p>\n","protected":false},"author":1,"featured_media":0,"parent":0,"menu_order":0,"comment_status":"closed","ping_status":"closed","template":"template-parts\/template-single_page.php","meta":{"_monsterinsights_skip_tracking":false,"_monsterinsights_sitenote_active":false,"_monsterinsights_sitenote_note":"","_monsterinsights_sitenote_category":0,"footnotes":""},"class_list":["post-570","page","type-page","status-publish","hentry"],"_links":{"self":[{"href":"https:\/\/www.decotazas.com\/fr\/wp-json\/wp\/v2\/pages\/570","targetHints":{"allow":["GET"]}}],"collection":[{"href":"https:\/\/www.decotazas.com\/fr\/wp-json\/wp\/v2\/pages"}],"about":[{"href":"https:\/\/www.decotazas.com\/fr\/wp-json\/wp\/v2\/types\/page"}],"author":[{"embeddable":true,"href":"https:\/\/www.decotazas.com\/fr\/wp-json\/wp\/v2\/users\/1"}],"replies":[{"embeddable":true,"href":"https:\/\/www.decotazas.com\/fr\/wp-json\/wp\/v2\/comments?post=570"}],"version-history":[{"count":39,"href":"https:\/\/www.decotazas.com\/fr\/wp-json\/wp\/v2\/pages\/570\/revisions"}],"predecessor-version":[{"id":889,"href":"https:\/\/www.decotazas.com\/fr\/wp-json\/wp\/v2\/pages\/570\/revisions\/889"}],"wp:attachment":[{"href":"https:\/\/www.decotazas.com\/fr\/wp-json\/wp\/v2\/media?parent=570"}],"curies":[{"name":"wp","href":"https:\/\/api.w.org\/{rel}","templated":true}]}}